{"id":27501,"date":"2026-03-21T22:06:45","date_gmt":"2026-03-21T22:06:45","guid":{"rendered":"https:\/\/zeet.tn\/?post_type=product&#038;p=27501"},"modified":"2026-04-12T14:59:12","modified_gmt":"2026-04-12T14:59:12","slug":"zeet-bio","status":"publish","type":"product","link":"https:\/\/zeet.tn\/en\/product\/zeet-bio\/","title":{"rendered":"Zeet Bio &#038; Extra Vierge"},"content":{"rendered":"<div data-elementor-type=\"product-post\" data-elementor-id=\"27501\" class=\"elementor elementor-27501\" data-elementor-post-type=\"product\">\n\t\t\t\t<div class=\"elementor-element elementor-element-a86fcd2 e-con-full e-flex e-con e-parent\" data-id=\"a86fcd2\" data-element_type=\"container\" data-e-type=\"container\">\n\t\t<div class=\"elementor-element elementor-element-bfe39dc e-con-full e-flex e-con e-child\" data-id=\"bfe39dc\" data-element_type=\"container\" data-e-type=\"container\">\n\t\t\t\t<div class=\"elementor-element elementor-element-6726346 elementor-widget elementor-widget-wd_text_block\" data-id=\"6726346\" data-element_type=\"widget\" data-e-type=\"widget\" data-widget_type=\"wd_text_block.default\">\n\t\t\t\t<div class=\"elementor-widget-container\">\n\t\t\t\t\t\t\t<div class=\"wd-text-block reset-last-child text-center\">\n\t\t\t\n\t\t\t<p><img fetchpriority=\"high\" decoding=\"async\" class=\"alignnone wp-image-27300 size-medium\" src=\"https:\/\/navajowhite-caribou-669909.hostingersite.com\/wp-content\/uploads\/2026\/03\/LOGO-ZEET-1-1-1.svg\" alt=\"\" width=\"300\" height=\"400\" \/><\/p><p data-start=\"124\" data-end=\"421\">D\u00e9couvrez la puret\u00e9 de Zeet Bio, une huile d\u2019olive extra vierge issue de l\u2019agriculture biologique, alliant richesse et authenticit\u00e9. Press\u00e9e \u00e0 froid pour pr\u00e9server toutes ses qualit\u00e9s naturelles, cette huile 100% naturelle r\u00e9v\u00e8le un go\u00fbt \u00e9quilibr\u00e9 et d\u00e9licat, id\u00e9al pour accompagner vos plats au quotidien.<\/p>\n\t\t\t\t\t<\/div>\n\t\t\t\t\t\t<\/div>\n\t\t\t\t<\/div>\n\t\t\t\t<\/div>\n\t\t<div class=\"elementor-element elementor-element-c9d7c82 e-con-full e-flex e-con e-child\" data-id=\"c9d7c82\" data-element_type=\"container\" data-e-type=\"container\" data-settings=\"{&quot;background_background&quot;:&quot;classic&quot;}\">\n\t\t\t\t<div class=\"elementor-element elementor-element-3c43583 elementor-widget elementor-widget-wd_text_block\" data-id=\"3c43583\" data-element_type=\"widget\" data-e-type=\"widget\" data-widget_type=\"wd_text_block.default\">\n\t\t\t\t<div class=\"elementor-widget-container\">\n\t\t\t\t\t\t\t<div class=\"wd-text-block reset-last-child text-center\">\n\t\t\t\n\t\t\t<h5>PRESSEZ. ASSAISONNEZ. SAVOUREZ.<\/h5><p>Un format squeeze pens\u00e9 pour une utilisation rapide, propre et pr\u00e9cise. Avec Zeet, chaque\u00a0<br \/>geste devient simple et ma\u00eetris\u00e9.<\/p><p><strong>Contr\u00f4le total de la quantit\u00e9<\/strong><\/p><p><strong>Plus besoin de verser <\/strong><\/p><p><strong>Format pratique et ergonomique<\/strong><\/p><p><strong>Parfait pour toutes vos recettes<\/strong><\/p><p><strong>Une exp\u00e9rience moderne en cuisine<\/strong><\/p>\n\t\t\t\t\t<\/div>\n\t\t\t\t\t\t<\/div>\n\t\t\t\t<\/div>\n\t\t\t\t<\/div>\n\t\t\t\t<\/div>\n\t\t\t\t<\/div>","protected":false},"excerpt":{"rendered":"<p>Une huile d\u2019olive biologique au go\u00fbt pur et \u00e9quilibr\u00e9, id\u00e9ale pour une cuisine saine et naturelle.<\/p>","protected":false},"featured_media":28409,"comment_status":"open","ping_status":"closed","template":"","meta":[],"product_brand":[],"product_cat":[79],"product_tag":[],"class_list":{"0":"post-27501","1":"product","2":"type-product","3":"status-publish","4":"has-post-thumbnail","6":"product_cat-bio","8":"first","9":"instock","10":"shipping-taxable","11":"purchasable","12":"product-type-simple"},"yoast_head":"<!-- This site is optimized with the Yoast SEO plugin v27.5 - https:\/\/yoast.com\/product\/yoast-seo-wordpress\/ -->\n<title>Zeet Bio &amp; Extra Vierge - zeet.tn<\/title>\n<meta name=\"robots\" content=\"index, follow, max-snippet:-1, max-image-preview:large, max-video-preview:-1\" \/>\n<link rel=\"canonical\" href=\"https:\/\/zeet.tn\/en\/product\/zeet-bio\/\" \/>\n<meta property=\"og:locale\" content=\"en_GB\" \/>\n<meta property=\"og:type\" content=\"article\" \/>\n<meta property=\"og:title\" content=\"Zeet Bio &amp; Extra Vierge - zeet.tn\" \/>\n<meta property=\"og:description\" content=\"Une huile d\u2019olive biologique au go\u00fbt pur et \u00e9quilibr\u00e9, id\u00e9ale pour une cuisine saine et naturelle.\" \/>\n<meta property=\"og:url\" content=\"https:\/\/zeet.tn\/en\/product\/zeet-bio\/\" \/>\n<meta property=\"og:site_name\" content=\"zeet.tn\" \/>\n<meta property=\"article:publisher\" content=\"https:\/\/www.facebook.com\/Zeet.tn\" \/>\n<meta property=\"article:modified_time\" content=\"2026-04-12T14:59:12+00:00\" \/>\n<meta property=\"og:image\" content=\"https:\/\/zeet.tn\/wp-content\/uploads\/2026\/03\/ZEET-BIO-P4.jpg.jpg\" \/>\n\t<meta property=\"og:image:width\" content=\"1024\" \/>\n\t<meta property=\"og:image:height\" content=\"1536\" \/>\n\t<meta property=\"og:image:type\" content=\"image\/jpeg\" \/>\n<meta name=\"twitter:card\" content=\"summary_large_image\" \/>\n<meta name=\"twitter:label1\" content=\"Estimated reading time\" \/>\n\t<meta name=\"twitter:data1\" content=\"1 minute\" \/>\n<script type=\"application\/ld+json\" class=\"yoast-schema-graph\">{\"@context\":\"https:\\\/\\\/schema.org\",\"@graph\":[{\"@type\":\"WebPage\",\"@id\":\"https:\\\/\\\/zeet.tn\\\/produit\\\/zeet-bio\\\/\",\"url\":\"https:\\\/\\\/zeet.tn\\\/produit\\\/zeet-bio\\\/\",\"name\":\"Zeet Bio & Extra Vierge - zeet.tn\",\"isPartOf\":{\"@id\":\"https:\\\/\\\/zeet.tn\\\/#website\"},\"primaryImageOfPage\":{\"@id\":\"https:\\\/\\\/zeet.tn\\\/produit\\\/zeet-bio\\\/#primaryimage\"},\"image\":{\"@id\":\"https:\\\/\\\/zeet.tn\\\/produit\\\/zeet-bio\\\/#primaryimage\"},\"thumbnailUrl\":\"https:\\\/\\\/zeet.tn\\\/wp-content\\\/uploads\\\/2026\\\/03\\\/ZEET-BIO-P4.jpg.jpg\",\"datePublished\":\"2026-03-21T22:06:45+00:00\",\"dateModified\":\"2026-04-12T14:59:12+00:00\",\"breadcrumb\":{\"@id\":\"https:\\\/\\\/zeet.tn\\\/produit\\\/zeet-bio\\\/#breadcrumb\"},\"inLanguage\":\"en-GB\",\"potentialAction\":[{\"@type\":\"ReadAction\",\"target\":[\"https:\\\/\\\/zeet.tn\\\/produit\\\/zeet-bio\\\/\"]}]},{\"@type\":\"ImageObject\",\"inLanguage\":\"en-GB\",\"@id\":\"https:\\\/\\\/zeet.tn\\\/produit\\\/zeet-bio\\\/#primaryimage\",\"url\":\"https:\\\/\\\/zeet.tn\\\/wp-content\\\/uploads\\\/2026\\\/03\\\/ZEET-BIO-P4.jpg.jpg\",\"contentUrl\":\"https:\\\/\\\/zeet.tn\\\/wp-content\\\/uploads\\\/2026\\\/03\\\/ZEET-BIO-P4.jpg.jpg\",\"width\":1024,\"height\":1536},{\"@type\":\"BreadcrumbList\",\"@id\":\"https:\\\/\\\/zeet.tn\\\/produit\\\/zeet-bio\\\/#breadcrumb\",\"itemListElement\":[{\"@type\":\"ListItem\",\"position\":1,\"name\":\"Accueil\",\"item\":\"https:\\\/\\\/zeet.tn\\\/\"},{\"@type\":\"ListItem\",\"position\":2,\"name\":\"Boutique Zeet\",\"item\":\"https:\\\/\\\/zeet.tn\\\/boutique-zeet\\\/\"},{\"@type\":\"ListItem\",\"position\":3,\"name\":\"Zeet Bio &#038; Extra Vierge\"}]},{\"@type\":\"WebSite\",\"@id\":\"https:\\\/\\\/zeet.tn\\\/#website\",\"url\":\"https:\\\/\\\/zeet.tn\\\/\",\"name\":\"zeet.tn\",\"description\":\"\",\"publisher\":{\"@id\":\"https:\\\/\\\/zeet.tn\\\/#organization\"},\"potentialAction\":[{\"@type\":\"SearchAction\",\"target\":{\"@type\":\"EntryPoint\",\"urlTemplate\":\"https:\\\/\\\/zeet.tn\\\/?s={search_term_string}\"},\"query-input\":{\"@type\":\"PropertyValueSpecification\",\"valueRequired\":true,\"valueName\":\"search_term_string\"}}],\"inLanguage\":\"en-GB\"},{\"@type\":\"Organization\",\"@id\":\"https:\\\/\\\/zeet.tn\\\/#organization\",\"name\":\"zeet.tn\",\"url\":\"https:\\\/\\\/zeet.tn\\\/\",\"logo\":{\"@type\":\"ImageObject\",\"inLanguage\":\"en-GB\",\"@id\":\"https:\\\/\\\/zeet.tn\\\/#\\\/schema\\\/logo\\\/image\\\/\",\"url\":\"https:\\\/\\\/zeet.tn\\\/wp-content\\\/uploads\\\/2026\\\/03\\\/LOGO-ZEET-1-2.svg\",\"contentUrl\":\"https:\\\/\\\/zeet.tn\\\/wp-content\\\/uploads\\\/2026\\\/03\\\/LOGO-ZEET-1-2.svg\",\"width\":149,\"height\":78,\"caption\":\"zeet.tn\"},\"image\":{\"@id\":\"https:\\\/\\\/zeet.tn\\\/#\\\/schema\\\/logo\\\/image\\\/\"},\"sameAs\":[\"https:\\\/\\\/www.facebook.com\\\/Zeet.tn\",\"https:\\\/\\\/www.instagram.com\\\/zeet.tn\\\/\"]}]}<\/script>\n<!-- \/ Yoast SEO plugin. -->","yoast_head_json":{"title":"Zeet Bio & Extra Vierge - zeet.tn","robots":{"index":"index","follow":"follow","max-snippet":"max-snippet:-1","max-image-preview":"max-image-preview:large","max-video-preview":"max-video-preview:-1"},"canonical":"https:\/\/zeet.tn\/en\/product\/zeet-bio\/","og_locale":"en_GB","og_type":"article","og_title":"Zeet Bio & Extra Vierge - zeet.tn","og_description":"Une huile d\u2019olive biologique au go\u00fbt pur et \u00e9quilibr\u00e9, id\u00e9ale pour une cuisine saine et naturelle.","og_url":"https:\/\/zeet.tn\/en\/product\/zeet-bio\/","og_site_name":"zeet.tn","article_publisher":"https:\/\/www.facebook.com\/Zeet.tn","article_modified_time":"2026-04-12T14:59:12+00:00","og_image":[{"width":1024,"height":1536,"url":"https:\/\/zeet.tn\/wp-content\/uploads\/2026\/03\/ZEET-BIO-P4.jpg.jpg","type":"image\/jpeg"}],"twitter_card":"summary_large_image","twitter_misc":{"Estimated reading time":"1 minute"},"schema":{"@context":"https:\/\/schema.org","@graph":[{"@type":"WebPage","@id":"https:\/\/zeet.tn\/produit\/zeet-bio\/","url":"https:\/\/zeet.tn\/produit\/zeet-bio\/","name":"Zeet Bio & Extra Vierge - zeet.tn","isPartOf":{"@id":"https:\/\/zeet.tn\/#website"},"primaryImageOfPage":{"@id":"https:\/\/zeet.tn\/produit\/zeet-bio\/#primaryimage"},"image":{"@id":"https:\/\/zeet.tn\/produit\/zeet-bio\/#primaryimage"},"thumbnailUrl":"https:\/\/zeet.tn\/wp-content\/uploads\/2026\/03\/ZEET-BIO-P4.jpg.jpg","datePublished":"2026-03-21T22:06:45+00:00","dateModified":"2026-04-12T14:59:12+00:00","breadcrumb":{"@id":"https:\/\/zeet.tn\/produit\/zeet-bio\/#breadcrumb"},"inLanguage":"en-GB","potentialAction":[{"@type":"ReadAction","target":["https:\/\/zeet.tn\/produit\/zeet-bio\/"]}]},{"@type":"ImageObject","inLanguage":"en-GB","@id":"https:\/\/zeet.tn\/produit\/zeet-bio\/#primaryimage","url":"https:\/\/zeet.tn\/wp-content\/uploads\/2026\/03\/ZEET-BIO-P4.jpg.jpg","contentUrl":"https:\/\/zeet.tn\/wp-content\/uploads\/2026\/03\/ZEET-BIO-P4.jpg.jpg","width":1024,"height":1536},{"@type":"BreadcrumbList","@id":"https:\/\/zeet.tn\/produit\/zeet-bio\/#breadcrumb","itemListElement":[{"@type":"ListItem","position":1,"name":"Accueil","item":"https:\/\/zeet.tn\/"},{"@type":"ListItem","position":2,"name":"Boutique Zeet","item":"https:\/\/zeet.tn\/boutique-zeet\/"},{"@type":"ListItem","position":3,"name":"Zeet Bio &#038; Extra Vierge"}]},{"@type":"WebSite","@id":"https:\/\/zeet.tn\/#website","url":"https:\/\/zeet.tn\/","name":"zeet.tn","description":"","publisher":{"@id":"https:\/\/zeet.tn\/#organization"},"potentialAction":[{"@type":"SearchAction","target":{"@type":"EntryPoint","urlTemplate":"https:\/\/zeet.tn\/?s={search_term_string}"},"query-input":{"@type":"PropertyValueSpecification","valueRequired":true,"valueName":"search_term_string"}}],"inLanguage":"en-GB"},{"@type":"Organization","@id":"https:\/\/zeet.tn\/#organization","name":"zeet.tn","url":"https:\/\/zeet.tn\/","logo":{"@type":"ImageObject","inLanguage":"en-GB","@id":"https:\/\/zeet.tn\/#\/schema\/logo\/image\/","url":"https:\/\/zeet.tn\/wp-content\/uploads\/2026\/03\/LOGO-ZEET-1-2.svg","contentUrl":"https:\/\/zeet.tn\/wp-content\/uploads\/2026\/03\/LOGO-ZEET-1-2.svg","width":149,"height":78,"caption":"zeet.tn"},"image":{"@id":"https:\/\/zeet.tn\/#\/schema\/logo\/image\/"},"sameAs":["https:\/\/www.facebook.com\/Zeet.tn","https:\/\/www.instagram.com\/zeet.tn\/"]}]}},"_links":{"self":[{"href":"https:\/\/zeet.tn\/en\/wp-json\/wp\/v2\/product\/27501","targetHints":{"allow":["GET"]}}],"collection":[{"href":"https:\/\/zeet.tn\/en\/wp-json\/wp\/v2\/product"}],"about":[{"href":"https:\/\/zeet.tn\/en\/wp-json\/wp\/v2\/types\/product"}],"replies":[{"embeddable":true,"href":"https:\/\/zeet.tn\/en\/wp-json\/wp\/v2\/comments?post=27501"}],"version-history":[{"count":14,"href":"https:\/\/zeet.tn\/en\/wp-json\/wp\/v2\/product\/27501\/revisions"}],"predecessor-version":[{"id":28410,"href":"https:\/\/zeet.tn\/en\/wp-json\/wp\/v2\/product\/27501\/revisions\/28410"}],"wp:featuredmedia":[{"embeddable":true,"href":"https:\/\/zeet.tn\/en\/wp-json\/wp\/v2\/media\/28409"}],"wp:attachment":[{"href":"https:\/\/zeet.tn\/en\/wp-json\/wp\/v2\/media?parent=27501"}],"wp:term":[{"taxonomy":"product_brand","embeddable":true,"href":"https:\/\/zeet.tn\/en\/wp-json\/wp\/v2\/product_brand?post=27501"},{"taxonomy":"product_cat","embeddable":true,"href":"https:\/\/zeet.tn\/en\/wp-json\/wp\/v2\/product_cat?post=27501"},{"taxonomy":"product_tag","embeddable":true,"href":"https:\/\/zeet.tn\/en\/wp-json\/wp\/v2\/product_tag?post=27501"}],"curies":[{"name":"wp","href":"https:\/\/api.w.org\/{rel}","templated":true}]}}