{"id":27484,"date":"2026-03-21T19:57:24","date_gmt":"2026-03-21T19:57:24","guid":{"rendered":"https:\/\/zeet.tn\/?post_type=product&#038;p=27484"},"modified":"2026-04-17T00:43:06","modified_gmt":"2026-04-17T00:43:06","slug":"zeet-au-basilic","status":"publish","type":"product","link":"https:\/\/zeet.tn\/en\/product\/zeet-au-basilic\/","title":{"rendered":"Zeet au Basilic"},"content":{"rendered":"<div data-elementor-type=\"wp-post\" data-elementor-id=\"27484\" class=\"elementor elementor-27484\" data-elementor-post-type=\"product\">\n\t\t\t\t<div class=\"elementor-element elementor-element-650f418 e-con-full e-flex e-con e-parent\" data-id=\"650f418\" data-element_type=\"container\" data-e-type=\"container\">\n\t\t<div class=\"elementor-element elementor-element-4d3ae53 e-con-full e-flex e-con e-child\" data-id=\"4d3ae53\" data-element_type=\"container\" data-e-type=\"container\">\n\t\t\t\t<div class=\"elementor-element elementor-element-a399251 elementor-widget elementor-widget-wd_text_block\" data-id=\"a399251\" data-element_type=\"widget\" data-e-type=\"widget\" data-widget_type=\"wd_text_block.default\">\n\t\t\t\t<div class=\"elementor-widget-container\">\n\t\t\t\t\t\t\t<div class=\"wd-text-block reset-last-child text-center\">\n\t\t\t\n\t\t\t<p><img decoding=\"async\" class=\"alignnone wp-image-27124\" src=\"https:\/\/zeet.tn\/wp-content\/uploads\/2026\/03\/LOGO-ZEET-400x268.png\" alt=\"\" width=\"205\" height=\"138\" srcset=\"https:\/\/zeet.tn\/wp-content\/uploads\/2026\/03\/LOGO-ZEET-400x268.png 400w, https:\/\/zeet.tn\/wp-content\/uploads\/2026\/03\/LOGO-ZEET-scaled-430x289.png 430w, https:\/\/zeet.tn\/wp-content\/uploads\/2026\/03\/LOGO-ZEET-scaled-150x101.png 150w, https:\/\/zeet.tn\/wp-content\/uploads\/2026\/03\/LOGO-ZEET-scaled-700x470.png 700w, https:\/\/zeet.tn\/wp-content\/uploads\/2026\/03\/LOGO-ZEET-1192x800.png 1192w, https:\/\/zeet.tn\/wp-content\/uploads\/2026\/03\/LOGO-ZEET-768x515.png 768w, https:\/\/zeet.tn\/wp-content\/uploads\/2026\/03\/LOGO-ZEET-1536x1031.png 1536w, https:\/\/zeet.tn\/wp-content\/uploads\/2026\/03\/LOGO-ZEET-2048x1374.png 2048w\" sizes=\"(max-width: 205px) 100vw, 205px\" \/><br \/><img decoding=\"async\" class=\"alignnone wp-image-27729\" src=\"https:\/\/zeet.tn\/wp-content\/uploads\/2026\/03\/zeet_basilic_olive_minimalist-300x300.png\" alt=\"\" width=\"72\" height=\"72\" srcset=\"https:\/\/zeet.tn\/wp-content\/uploads\/2026\/03\/zeet_basilic_olive_minimalist-300x300.png 300w, https:\/\/zeet.tn\/wp-content\/uploads\/2026\/03\/zeet_basilic_olive_minimalist-800x800.png 800w, https:\/\/zeet.tn\/wp-content\/uploads\/2026\/03\/zeet_basilic_olive_minimalist-150x150.png 150w, https:\/\/zeet.tn\/wp-content\/uploads\/2026\/03\/zeet_basilic_olive_minimalist-768x768.png 768w, https:\/\/zeet.tn\/wp-content\/uploads\/2026\/03\/zeet_basilic_olive_minimalist-1536x1536.png 1536w, https:\/\/zeet.tn\/wp-content\/uploads\/2026\/03\/zeet_basilic_olive_minimalist-430x430.png 430w, https:\/\/zeet.tn\/wp-content\/uploads\/2026\/03\/zeet_basilic_olive_minimalist-700x700.png 700w, https:\/\/zeet.tn\/wp-content\/uploads\/2026\/03\/zeet_basilic_olive_minimalist.png 2048w\" sizes=\"(max-width: 72px) 100vw, 72px\" \/>D\u00e9couvrez l\u2019\u00e9l\u00e9gance de Zeet Basilic, une huile d\u2019olive issue d\u2019une <strong data-start=\"146\" data-end=\"175\">premi\u00e8re pression \u00e0 froid<\/strong>,\u00a0 d\u00e9licatement aromatis\u00e9e avec des feuilles de basilic fra\u00eeches pour une saveur naturelle, fra\u00eeche et parfaitement \u00e9quilibr\u00e9e.\u00a0100 % tunisienne et en <strong data-start=\"328\" data-end=\"355\">format squeeze pratique<\/strong>, elle permet un dosage pr\u00e9cis et facile au quotidien.<\/p><p>Id\u00e9ale pour sublimer vos salades, p\u00e2tes, pizzas et plats m\u00e9diterran\u00e9ens en un seul geste.<\/p>\n\t\t\t\t\t<\/div>\n\t\t\t\t\t\t<\/div>\n\t\t\t\t<\/div>\n\t\t\t\t<\/div>\n\t\t<div class=\"wd-sticky-container-lg elementor-element elementor-element-fba2442 e-con-full e-flex e-con e-child\" data-id=\"fba2442\" data-element_type=\"container\" data-e-type=\"container\" data-settings=\"{&quot;background_background&quot;:&quot;classic&quot;}\">\n\t\t\t\t<div class=\"elementor-element elementor-element-391064c elementor-widget elementor-widget-wd_text_block\" data-id=\"391064c\" data-element_type=\"widget\" data-e-type=\"widget\" data-widget_type=\"wd_text_block.default\">\n\t\t\t\t<div class=\"elementor-widget-container\">\n\t\t\t\t\t\t\t<div class=\"wd-text-block reset-last-child text-center\">\n\t\t\t\n\t\t\t<h5>PRESSEZ. ASSAISONNEZ. SAVOUREZ.<\/h5><p>Un format squeeze pens\u00e9 pour une utilisation rapide, propre et pr\u00e9cise. Avec Zeet, chaque<br \/>geste devient simple et ma\u00eetris\u00e9.<\/p><p><strong>Contr\u00f4le total de la quantit\u00e9 <\/strong><\/p><p><strong>Plus besoin de verser <\/strong><\/p><p><strong>Format pratique et ergonomique<\/strong><\/p><p><strong>Parfait pour toutes vos recettes<\/strong><\/p><p><strong>Une exp\u00e9rience moderne en cuisine<\/strong><\/p>\n\t\t\t\t\t<\/div>\n\t\t\t\t\t\t<\/div>\n\t\t\t\t<\/div>\n\t\t\t\t<\/div>\n\t\t\t\t<\/div>\n\t\t\t\t<\/div>","protected":false},"excerpt":{"rendered":"<p data-start=\"491\" data-end=\"598\">Zeet au Basilic est une huile d\u2019olive, press\u00e9e \u00e0 froid, associ\u00e9e \u00e0 l\u2019ar\u00f4me naturel du basilic pour apporter fra\u00eecheur et saveur \u00e0 vos plats. Id\u00e9ale pour les recettes m\u00e9diterran\u00e9ennes, elle sublime vos pr\u00e9parations en toute simplicit\u00e9.<\/p>","protected":false},"featured_media":28128,"comment_status":"open","ping_status":"closed","template":"","meta":[],"product_brand":[],"product_cat":[78],"product_tag":[],"class_list":{"0":"post-27484","1":"product","2":"type-product","3":"status-publish","4":"has-post-thumbnail","6":"product_cat-basilic","8":"first","9":"outofstock","10":"shipping-taxable","11":"purchasable","12":"product-type-simple"},"yoast_head":"<!-- This site is optimized with the Yoast SEO plugin v27.5 - https:\/\/yoast.com\/product\/yoast-seo-wordpress\/ -->\n<title>Zeet au Basilic - zeet.tn<\/title>\n<meta name=\"robots\" content=\"index, follow, max-snippet:-1, max-image-preview:large, max-video-preview:-1\" \/>\n<link rel=\"canonical\" href=\"https:\/\/zeet.tn\/en\/product\/zeet-au-basilic\/\" \/>\n<meta property=\"og:locale\" content=\"en_GB\" \/>\n<meta property=\"og:type\" content=\"article\" \/>\n<meta property=\"og:title\" content=\"Zeet au Basilic - zeet.tn\" \/>\n<meta property=\"og:description\" content=\"Zeet au Basilic est une huile d\u2019olive, press\u00e9e \u00e0 froid, associ\u00e9e \u00e0 l\u2019ar\u00f4me naturel du basilic pour apporter fra\u00eecheur et saveur \u00e0 vos plats. Id\u00e9ale pour les recettes m\u00e9diterran\u00e9ennes, elle sublime vos pr\u00e9parations en toute simplicit\u00e9.\" \/>\n<meta property=\"og:url\" content=\"https:\/\/zeet.tn\/en\/product\/zeet-au-basilic\/\" \/>\n<meta property=\"og:site_name\" content=\"zeet.tn\" \/>\n<meta property=\"article:publisher\" content=\"https:\/\/www.facebook.com\/Zeet.tn\" \/>\n<meta property=\"article:modified_time\" content=\"2026-04-17T00:43:06+00:00\" \/>\n<meta property=\"og:image\" content=\"https:\/\/zeet.tn\/wp-content\/uploads\/2026\/03\/basilic.jpg\" \/>\n\t<meta property=\"og:image:width\" content=\"1080\" \/>\n\t<meta property=\"og:image:height\" content=\"1350\" \/>\n\t<meta property=\"og:image:type\" content=\"image\/jpeg\" \/>\n<meta name=\"twitter:card\" content=\"summary_large_image\" \/>\n<meta name=\"twitter:label1\" content=\"Estimated reading time\" \/>\n\t<meta name=\"twitter:data1\" content=\"2 minutes\" \/>\n<script type=\"application\/ld+json\" class=\"yoast-schema-graph\">{\"@context\":\"https:\\\/\\\/schema.org\",\"@graph\":[{\"@type\":\"WebPage\",\"@id\":\"https:\\\/\\\/zeet.tn\\\/produit\\\/zeet-au-basilic\\\/\",\"url\":\"https:\\\/\\\/zeet.tn\\\/produit\\\/zeet-au-basilic\\\/\",\"name\":\"Zeet au Basilic - zeet.tn\",\"isPartOf\":{\"@id\":\"https:\\\/\\\/zeet.tn\\\/#website\"},\"primaryImageOfPage\":{\"@id\":\"https:\\\/\\\/zeet.tn\\\/produit\\\/zeet-au-basilic\\\/#primaryimage\"},\"image\":{\"@id\":\"https:\\\/\\\/zeet.tn\\\/produit\\\/zeet-au-basilic\\\/#primaryimage\"},\"thumbnailUrl\":\"https:\\\/\\\/zeet.tn\\\/wp-content\\\/uploads\\\/2026\\\/03\\\/basilic.jpg\",\"datePublished\":\"2026-03-21T19:57:24+00:00\",\"dateModified\":\"2026-04-17T00:43:06+00:00\",\"breadcrumb\":{\"@id\":\"https:\\\/\\\/zeet.tn\\\/produit\\\/zeet-au-basilic\\\/#breadcrumb\"},\"inLanguage\":\"en-GB\",\"potentialAction\":[{\"@type\":\"ReadAction\",\"target\":[\"https:\\\/\\\/zeet.tn\\\/produit\\\/zeet-au-basilic\\\/\"]}]},{\"@type\":\"ImageObject\",\"inLanguage\":\"en-GB\",\"@id\":\"https:\\\/\\\/zeet.tn\\\/produit\\\/zeet-au-basilic\\\/#primaryimage\",\"url\":\"https:\\\/\\\/zeet.tn\\\/wp-content\\\/uploads\\\/2026\\\/03\\\/basilic.jpg\",\"contentUrl\":\"https:\\\/\\\/zeet.tn\\\/wp-content\\\/uploads\\\/2026\\\/03\\\/basilic.jpg\",\"width\":1080,\"height\":1350},{\"@type\":\"BreadcrumbList\",\"@id\":\"https:\\\/\\\/zeet.tn\\\/produit\\\/zeet-au-basilic\\\/#breadcrumb\",\"itemListElement\":[{\"@type\":\"ListItem\",\"position\":1,\"name\":\"Accueil\",\"item\":\"https:\\\/\\\/zeet.tn\\\/\"},{\"@type\":\"ListItem\",\"position\":2,\"name\":\"Boutique Zeet\",\"item\":\"https:\\\/\\\/zeet.tn\\\/boutique-zeet\\\/\"},{\"@type\":\"ListItem\",\"position\":3,\"name\":\"Zeet au Basilic\"}]},{\"@type\":\"WebSite\",\"@id\":\"https:\\\/\\\/zeet.tn\\\/#website\",\"url\":\"https:\\\/\\\/zeet.tn\\\/\",\"name\":\"zeet.tn\",\"description\":\"\",\"publisher\":{\"@id\":\"https:\\\/\\\/zeet.tn\\\/#organization\"},\"potentialAction\":[{\"@type\":\"SearchAction\",\"target\":{\"@type\":\"EntryPoint\",\"urlTemplate\":\"https:\\\/\\\/zeet.tn\\\/?s={search_term_string}\"},\"query-input\":{\"@type\":\"PropertyValueSpecification\",\"valueRequired\":true,\"valueName\":\"search_term_string\"}}],\"inLanguage\":\"en-GB\"},{\"@type\":\"Organization\",\"@id\":\"https:\\\/\\\/zeet.tn\\\/#organization\",\"name\":\"zeet.tn\",\"url\":\"https:\\\/\\\/zeet.tn\\\/\",\"logo\":{\"@type\":\"ImageObject\",\"inLanguage\":\"en-GB\",\"@id\":\"https:\\\/\\\/zeet.tn\\\/#\\\/schema\\\/logo\\\/image\\\/\",\"url\":\"https:\\\/\\\/zeet.tn\\\/wp-content\\\/uploads\\\/2026\\\/03\\\/LOGO-ZEET-1-2.svg\",\"contentUrl\":\"https:\\\/\\\/zeet.tn\\\/wp-content\\\/uploads\\\/2026\\\/03\\\/LOGO-ZEET-1-2.svg\",\"width\":149,\"height\":78,\"caption\":\"zeet.tn\"},\"image\":{\"@id\":\"https:\\\/\\\/zeet.tn\\\/#\\\/schema\\\/logo\\\/image\\\/\"},\"sameAs\":[\"https:\\\/\\\/www.facebook.com\\\/Zeet.tn\",\"https:\\\/\\\/www.instagram.com\\\/zeet.tn\\\/\"]}]}<\/script>\n<!-- \/ Yoast SEO plugin. -->","yoast_head_json":{"title":"Zeet au Basilic - zeet.tn","robots":{"index":"index","follow":"follow","max-snippet":"max-snippet:-1","max-image-preview":"max-image-preview:large","max-video-preview":"max-video-preview:-1"},"canonical":"https:\/\/zeet.tn\/en\/product\/zeet-au-basilic\/","og_locale":"en_GB","og_type":"article","og_title":"Zeet au Basilic - zeet.tn","og_description":"Zeet au Basilic est une huile d\u2019olive, press\u00e9e \u00e0 froid, associ\u00e9e \u00e0 l\u2019ar\u00f4me naturel du basilic pour apporter fra\u00eecheur et saveur \u00e0 vos plats. Id\u00e9ale pour les recettes m\u00e9diterran\u00e9ennes, elle sublime vos pr\u00e9parations en toute simplicit\u00e9.","og_url":"https:\/\/zeet.tn\/en\/product\/zeet-au-basilic\/","og_site_name":"zeet.tn","article_publisher":"https:\/\/www.facebook.com\/Zeet.tn","article_modified_time":"2026-04-17T00:43:06+00:00","og_image":[{"width":1080,"height":1350,"url":"https:\/\/zeet.tn\/wp-content\/uploads\/2026\/03\/basilic.jpg","type":"image\/jpeg"}],"twitter_card":"summary_large_image","twitter_misc":{"Estimated reading time":"2 minutes"},"schema":{"@context":"https:\/\/schema.org","@graph":[{"@type":"WebPage","@id":"https:\/\/zeet.tn\/produit\/zeet-au-basilic\/","url":"https:\/\/zeet.tn\/produit\/zeet-au-basilic\/","name":"Zeet au Basilic - zeet.tn","isPartOf":{"@id":"https:\/\/zeet.tn\/#website"},"primaryImageOfPage":{"@id":"https:\/\/zeet.tn\/produit\/zeet-au-basilic\/#primaryimage"},"image":{"@id":"https:\/\/zeet.tn\/produit\/zeet-au-basilic\/#primaryimage"},"thumbnailUrl":"https:\/\/zeet.tn\/wp-content\/uploads\/2026\/03\/basilic.jpg","datePublished":"2026-03-21T19:57:24+00:00","dateModified":"2026-04-17T00:43:06+00:00","breadcrumb":{"@id":"https:\/\/zeet.tn\/produit\/zeet-au-basilic\/#breadcrumb"},"inLanguage":"en-GB","potentialAction":[{"@type":"ReadAction","target":["https:\/\/zeet.tn\/produit\/zeet-au-basilic\/"]}]},{"@type":"ImageObject","inLanguage":"en-GB","@id":"https:\/\/zeet.tn\/produit\/zeet-au-basilic\/#primaryimage","url":"https:\/\/zeet.tn\/wp-content\/uploads\/2026\/03\/basilic.jpg","contentUrl":"https:\/\/zeet.tn\/wp-content\/uploads\/2026\/03\/basilic.jpg","width":1080,"height":1350},{"@type":"BreadcrumbList","@id":"https:\/\/zeet.tn\/produit\/zeet-au-basilic\/#breadcrumb","itemListElement":[{"@type":"ListItem","position":1,"name":"Accueil","item":"https:\/\/zeet.tn\/"},{"@type":"ListItem","position":2,"name":"Boutique Zeet","item":"https:\/\/zeet.tn\/boutique-zeet\/"},{"@type":"ListItem","position":3,"name":"Zeet au Basilic"}]},{"@type":"WebSite","@id":"https:\/\/zeet.tn\/#website","url":"https:\/\/zeet.tn\/","name":"zeet.tn","description":"","publisher":{"@id":"https:\/\/zeet.tn\/#organization"},"potentialAction":[{"@type":"SearchAction","target":{"@type":"EntryPoint","urlTemplate":"https:\/\/zeet.tn\/?s={search_term_string}"},"query-input":{"@type":"PropertyValueSpecification","valueRequired":true,"valueName":"search_term_string"}}],"inLanguage":"en-GB"},{"@type":"Organization","@id":"https:\/\/zeet.tn\/#organization","name":"zeet.tn","url":"https:\/\/zeet.tn\/","logo":{"@type":"ImageObject","inLanguage":"en-GB","@id":"https:\/\/zeet.tn\/#\/schema\/logo\/image\/","url":"https:\/\/zeet.tn\/wp-content\/uploads\/2026\/03\/LOGO-ZEET-1-2.svg","contentUrl":"https:\/\/zeet.tn\/wp-content\/uploads\/2026\/03\/LOGO-ZEET-1-2.svg","width":149,"height":78,"caption":"zeet.tn"},"image":{"@id":"https:\/\/zeet.tn\/#\/schema\/logo\/image\/"},"sameAs":["https:\/\/www.facebook.com\/Zeet.tn","https:\/\/www.instagram.com\/zeet.tn\/"]}]}},"_links":{"self":[{"href":"https:\/\/zeet.tn\/en\/wp-json\/wp\/v2\/product\/27484","targetHints":{"allow":["GET"]}}],"collection":[{"href":"https:\/\/zeet.tn\/en\/wp-json\/wp\/v2\/product"}],"about":[{"href":"https:\/\/zeet.tn\/en\/wp-json\/wp\/v2\/types\/product"}],"replies":[{"embeddable":true,"href":"https:\/\/zeet.tn\/en\/wp-json\/wp\/v2\/comments?post=27484"}],"version-history":[{"count":34,"href":"https:\/\/zeet.tn\/en\/wp-json\/wp\/v2\/product\/27484\/revisions"}],"predecessor-version":[{"id":28605,"href":"https:\/\/zeet.tn\/en\/wp-json\/wp\/v2\/product\/27484\/revisions\/28605"}],"wp:featuredmedia":[{"embeddable":true,"href":"https:\/\/zeet.tn\/en\/wp-json\/wp\/v2\/media\/28128"}],"wp:attachment":[{"href":"https:\/\/zeet.tn\/en\/wp-json\/wp\/v2\/media?parent=27484"}],"wp:term":[{"taxonomy":"product_brand","embeddable":true,"href":"https:\/\/zeet.tn\/en\/wp-json\/wp\/v2\/product_brand?post=27484"},{"taxonomy":"product_cat","embeddable":true,"href":"https:\/\/zeet.tn\/en\/wp-json\/wp\/v2\/product_cat?post=27484"},{"taxonomy":"product_tag","embeddable":true,"href":"https:\/\/zeet.tn\/en\/wp-json\/wp\/v2\/product_tag?post=27484"}],"curies":[{"name":"wp","href":"https:\/\/api.w.org\/{rel}","templated":true}]}}