{"id":27398,"date":"2026-03-21T15:35:02","date_gmt":"2026-03-21T15:35:02","guid":{"rendered":"https:\/\/zeet.tn\/?post_type=product&#038;p=27398"},"modified":"2026-04-01T10:53:22","modified_gmt":"2026-04-01T10:53:22","slug":"zeet-au-citron","status":"publish","type":"product","link":"https:\/\/zeet.tn\/en\/product\/zeet-au-citron\/","title":{"rendered":"Zeet au Citron"},"content":{"rendered":"<div data-elementor-type=\"wp-post\" data-elementor-id=\"27398\" class=\"elementor elementor-27398\" data-elementor-post-type=\"product\">\n\t\t\t\t<div class=\"elementor-element elementor-element-650f418 e-con-full e-flex e-con e-parent\" data-id=\"650f418\" data-element_type=\"container\" data-e-type=\"container\">\n\t\t<div class=\"elementor-element elementor-element-4d3ae53 e-con-full e-flex e-con e-child\" data-id=\"4d3ae53\" data-element_type=\"container\" data-e-type=\"container\">\n\t\t\t\t<div class=\"elementor-element elementor-element-a399251 elementor-widget elementor-widget-wd_text_block\" data-id=\"a399251\" data-element_type=\"widget\" data-e-type=\"widget\" data-widget_type=\"wd_text_block.default\">\n\t\t\t\t<div class=\"elementor-widget-container\">\n\t\t\t\t\t\t\t<div class=\"wd-text-block reset-last-child text-center\">\n\t\t\t\n\t\t\t<p><img decoding=\"async\" class=\"alignnone wp-image-27124\" src=\"https:\/\/zeet.tn\/wp-content\/uploads\/2026\/03\/LOGO-ZEET-400x268.png\" alt=\"\" width=\"201\" height=\"135\" srcset=\"https:\/\/zeet.tn\/wp-content\/uploads\/2026\/03\/LOGO-ZEET-400x268.png 400w, https:\/\/zeet.tn\/wp-content\/uploads\/2026\/03\/LOGO-ZEET-scaled-430x289.png 430w, https:\/\/zeet.tn\/wp-content\/uploads\/2026\/03\/LOGO-ZEET-scaled-150x101.png 150w, https:\/\/zeet.tn\/wp-content\/uploads\/2026\/03\/LOGO-ZEET-scaled-700x470.png 700w, https:\/\/zeet.tn\/wp-content\/uploads\/2026\/03\/LOGO-ZEET-1192x800.png 1192w, https:\/\/zeet.tn\/wp-content\/uploads\/2026\/03\/LOGO-ZEET-768x515.png 768w, https:\/\/zeet.tn\/wp-content\/uploads\/2026\/03\/LOGO-ZEET-1536x1031.png 1536w, https:\/\/zeet.tn\/wp-content\/uploads\/2026\/03\/LOGO-ZEET-2048x1374.png 2048w\" sizes=\"(max-width: 201px) 100vw, 201px\" \/><\/p><p><img decoding=\"async\" class=\"\" src=\"https:\/\/zeet.tn\/wp-content\/uploads\/2026\/03\/zeet_lemon_illustration_transparent.webp\" alt=\"citron\" width=\"60\" height=\"60\" \/> D\u00e9couvrez la fra\u00eecheur de Zeet Citronn\u00e9, une <strong>huile d\u2019olive<\/strong>\u00a0issue d\u2019une <strong data-start=\"136\" data-end=\"165\">premi\u00e8re pression \u00e0 froid<\/strong>, d\u00e9licatement aromatis\u00e9e au citron pour une saveur fra\u00eeche, vive et parfaitement \u00e9quilibr\u00e9e. D\u00e9licate, fruit\u00e9e et subtilement acidul\u00e9e, elle apporte une <strong>note citronn\u00e9e<\/strong> raffin\u00e9e \u00e0 toutes vos pr\u00e9parations.\u00a0<strong>100 % tunisienne<\/strong> et en <strong data-start=\"396\" data-end=\"423\">format squeeze pratique<\/strong>, elle permet un dosage pr\u00e9cis et facile au quotidien.<\/p><p data-start=\"481\" data-end=\"693\" data-is-last-node=\"\" data-is-only-node=\"\">Id\u00e9ale pour sublimer vos salades, poissons, fruits de mer, l\u00e9gumes, carpaccios ou m\u00eame vos desserts aux fruits, en apportant une touche de fra\u00eecheur \u00e0 verser \u00e0 cru, comme un rayon de soleil sur vos assiettes.<\/p>\n\t\t\t\t\t<\/div>\n\t\t\t\t\t\t<\/div>\n\t\t\t\t<\/div>\n\t\t\t\t<\/div>\n\t\t<div class=\"wd-sticky-container-lg elementor-element elementor-element-fba2442 e-con-full e-flex e-con e-child\" data-id=\"fba2442\" data-element_type=\"container\" data-e-type=\"container\" data-settings=\"{&quot;background_background&quot;:&quot;classic&quot;}\">\n\t\t\t\t<div class=\"elementor-element elementor-element-391064c elementor-widget elementor-widget-wd_text_block\" data-id=\"391064c\" data-element_type=\"widget\" data-e-type=\"widget\" data-widget_type=\"wd_text_block.default\">\n\t\t\t\t<div class=\"elementor-widget-container\">\n\t\t\t\t\t\t\t<div class=\"wd-text-block reset-last-child text-center\">\n\t\t\t\n\t\t\t<h5>PRESSEZ. ASSAISONNEZ. SAVOUREZ.<\/h5><p>Un format squeeze pens\u00e9 pour une utilisation rapide, propre et pr\u00e9cise. Avec Zeet, chaque\u00a0<br \/>geste devient simple et ma\u00eetris\u00e9.<\/p><p><strong>Contr\u00f4le total de la quantit\u00e9<\/strong><\/p><p><strong>Plus besoin de verser <\/strong><\/p><p><strong>Format pratique et ergonomique<\/strong><\/p><p><strong>Parfait pour toutes vos recettes<\/strong><\/p><p><strong>Une exp\u00e9rience moderne en cuisine<\/strong><\/p>\n\t\t\t\t\t<\/div>\n\t\t\t\t\t\t<\/div>\n\t\t\t\t<\/div>\n\t\t\t\t<\/div>\n\t\t\t\t<\/div>\n\t\t\t\t<\/div>","protected":false},"excerpt":{"rendered":"<p data-start=\"491\" data-end=\"598\">Zeet au Citron est une huile d\u2019olive, press\u00e9e \u00e0 froid, associ\u00e9e \u00e0 l\u2019ar\u00f4me naturel du citron pour apporter fra\u00eecheur et l\u00e9g\u00e8ret\u00e9 \u00e0 vos plats. Id\u00e9ale pour une cuisine saine et \u00e9quilibr\u00e9e, elle rehausse vos pr\u00e9parations avec finesse.<\/p>","protected":false},"featured_media":28130,"comment_status":"open","ping_status":"closed","template":"","meta":[],"product_brand":[],"product_cat":[77],"product_tag":[],"class_list":{"0":"post-27398","1":"product","2":"type-product","3":"status-publish","4":"has-post-thumbnail","6":"product_cat-citron","8":"first","9":"instock","10":"shipping-taxable","11":"purchasable","12":"product-type-simple"},"yoast_head":"<!-- This site is optimized with the Yoast SEO plugin v27.5 - https:\/\/yoast.com\/product\/yoast-seo-wordpress\/ -->\n<title>Zeet au Citron - zeet.tn<\/title>\n<meta name=\"robots\" content=\"index, follow, max-snippet:-1, max-image-preview:large, max-video-preview:-1\" \/>\n<link rel=\"canonical\" href=\"https:\/\/zeet.tn\/en\/product\/zeet-au-citron\/\" \/>\n<meta property=\"og:locale\" content=\"en_GB\" \/>\n<meta property=\"og:type\" content=\"article\" \/>\n<meta property=\"og:title\" content=\"Zeet au Citron - zeet.tn\" \/>\n<meta property=\"og:description\" content=\"Zeet au Citron est une huile d\u2019olive, press\u00e9e \u00e0 froid, associ\u00e9e \u00e0 l\u2019ar\u00f4me naturel du citron pour apporter fra\u00eecheur et l\u00e9g\u00e8ret\u00e9 \u00e0 vos plats. Id\u00e9ale pour une cuisine saine et \u00e9quilibr\u00e9e, elle rehausse vos pr\u00e9parations avec finesse.\" \/>\n<meta property=\"og:url\" content=\"https:\/\/zeet.tn\/en\/product\/zeet-au-citron\/\" \/>\n<meta property=\"og:site_name\" content=\"zeet.tn\" \/>\n<meta property=\"article:publisher\" content=\"https:\/\/www.facebook.com\/Zeet.tn\" \/>\n<meta property=\"article:modified_time\" content=\"2026-04-01T10:53:22+00:00\" \/>\n<meta property=\"og:image\" content=\"https:\/\/zeet.tn\/wp-content\/uploads\/2026\/03\/Citronnn.jpg\" \/>\n\t<meta property=\"og:image:width\" content=\"1080\" \/>\n\t<meta property=\"og:image:height\" content=\"1350\" \/>\n\t<meta property=\"og:image:type\" content=\"image\/jpeg\" \/>\n<meta name=\"twitter:card\" content=\"summary_large_image\" \/>\n<meta name=\"twitter:label1\" content=\"Estimated reading time\" \/>\n\t<meta name=\"twitter:data1\" content=\"1 minute\" \/>\n<script type=\"application\/ld+json\" class=\"yoast-schema-graph\">{\"@context\":\"https:\\\/\\\/schema.org\",\"@graph\":[{\"@type\":\"WebPage\",\"@id\":\"https:\\\/\\\/zeet.tn\\\/produit\\\/zeet-au-citron\\\/\",\"url\":\"https:\\\/\\\/zeet.tn\\\/produit\\\/zeet-au-citron\\\/\",\"name\":\"Zeet au Citron - zeet.tn\",\"isPartOf\":{\"@id\":\"https:\\\/\\\/zeet.tn\\\/#website\"},\"primaryImageOfPage\":{\"@id\":\"https:\\\/\\\/zeet.tn\\\/produit\\\/zeet-au-citron\\\/#primaryimage\"},\"image\":{\"@id\":\"https:\\\/\\\/zeet.tn\\\/produit\\\/zeet-au-citron\\\/#primaryimage\"},\"thumbnailUrl\":\"https:\\\/\\\/zeet.tn\\\/wp-content\\\/uploads\\\/2026\\\/03\\\/Citronnn.jpg\",\"datePublished\":\"2026-03-21T15:35:02+00:00\",\"dateModified\":\"2026-04-01T10:53:22+00:00\",\"breadcrumb\":{\"@id\":\"https:\\\/\\\/zeet.tn\\\/produit\\\/zeet-au-citron\\\/#breadcrumb\"},\"inLanguage\":\"en-GB\",\"potentialAction\":[{\"@type\":\"ReadAction\",\"target\":[\"https:\\\/\\\/zeet.tn\\\/produit\\\/zeet-au-citron\\\/\"]}]},{\"@type\":\"ImageObject\",\"inLanguage\":\"en-GB\",\"@id\":\"https:\\\/\\\/zeet.tn\\\/produit\\\/zeet-au-citron\\\/#primaryimage\",\"url\":\"https:\\\/\\\/zeet.tn\\\/wp-content\\\/uploads\\\/2026\\\/03\\\/Citronnn.jpg\",\"contentUrl\":\"https:\\\/\\\/zeet.tn\\\/wp-content\\\/uploads\\\/2026\\\/03\\\/Citronnn.jpg\",\"width\":1080,\"height\":1350,\"caption\":\"Zeet au citron\"},{\"@type\":\"BreadcrumbList\",\"@id\":\"https:\\\/\\\/zeet.tn\\\/produit\\\/zeet-au-citron\\\/#breadcrumb\",\"itemListElement\":[{\"@type\":\"ListItem\",\"position\":1,\"name\":\"Accueil\",\"item\":\"https:\\\/\\\/zeet.tn\\\/\"},{\"@type\":\"ListItem\",\"position\":2,\"name\":\"Boutique Zeet\",\"item\":\"https:\\\/\\\/zeet.tn\\\/boutique-zeet\\\/\"},{\"@type\":\"ListItem\",\"position\":3,\"name\":\"Zeet au Citron\"}]},{\"@type\":\"WebSite\",\"@id\":\"https:\\\/\\\/zeet.tn\\\/#website\",\"url\":\"https:\\\/\\\/zeet.tn\\\/\",\"name\":\"zeet.tn\",\"description\":\"\",\"publisher\":{\"@id\":\"https:\\\/\\\/zeet.tn\\\/#organization\"},\"potentialAction\":[{\"@type\":\"SearchAction\",\"target\":{\"@type\":\"EntryPoint\",\"urlTemplate\":\"https:\\\/\\\/zeet.tn\\\/?s={search_term_string}\"},\"query-input\":{\"@type\":\"PropertyValueSpecification\",\"valueRequired\":true,\"valueName\":\"search_term_string\"}}],\"inLanguage\":\"en-GB\"},{\"@type\":\"Organization\",\"@id\":\"https:\\\/\\\/zeet.tn\\\/#organization\",\"name\":\"zeet.tn\",\"url\":\"https:\\\/\\\/zeet.tn\\\/\",\"logo\":{\"@type\":\"ImageObject\",\"inLanguage\":\"en-GB\",\"@id\":\"https:\\\/\\\/zeet.tn\\\/#\\\/schema\\\/logo\\\/image\\\/\",\"url\":\"https:\\\/\\\/zeet.tn\\\/wp-content\\\/uploads\\\/2026\\\/03\\\/LOGO-ZEET-1-2.svg\",\"contentUrl\":\"https:\\\/\\\/zeet.tn\\\/wp-content\\\/uploads\\\/2026\\\/03\\\/LOGO-ZEET-1-2.svg\",\"width\":149,\"height\":78,\"caption\":\"zeet.tn\"},\"image\":{\"@id\":\"https:\\\/\\\/zeet.tn\\\/#\\\/schema\\\/logo\\\/image\\\/\"},\"sameAs\":[\"https:\\\/\\\/www.facebook.com\\\/Zeet.tn\",\"https:\\\/\\\/www.instagram.com\\\/zeet.tn\\\/\"]}]}<\/script>\n<!-- \/ Yoast SEO plugin. -->","yoast_head_json":{"title":"Zeet au Citron - zeet.tn","robots":{"index":"index","follow":"follow","max-snippet":"max-snippet:-1","max-image-preview":"max-image-preview:large","max-video-preview":"max-video-preview:-1"},"canonical":"https:\/\/zeet.tn\/en\/product\/zeet-au-citron\/","og_locale":"en_GB","og_type":"article","og_title":"Zeet au Citron - zeet.tn","og_description":"Zeet au Citron est une huile d\u2019olive, press\u00e9e \u00e0 froid, associ\u00e9e \u00e0 l\u2019ar\u00f4me naturel du citron pour apporter fra\u00eecheur et l\u00e9g\u00e8ret\u00e9 \u00e0 vos plats. Id\u00e9ale pour une cuisine saine et \u00e9quilibr\u00e9e, elle rehausse vos pr\u00e9parations avec finesse.","og_url":"https:\/\/zeet.tn\/en\/product\/zeet-au-citron\/","og_site_name":"zeet.tn","article_publisher":"https:\/\/www.facebook.com\/Zeet.tn","article_modified_time":"2026-04-01T10:53:22+00:00","og_image":[{"width":1080,"height":1350,"url":"https:\/\/zeet.tn\/wp-content\/uploads\/2026\/03\/Citronnn.jpg","type":"image\/jpeg"}],"twitter_card":"summary_large_image","twitter_misc":{"Estimated reading time":"1 minute"},"schema":{"@context":"https:\/\/schema.org","@graph":[{"@type":"WebPage","@id":"https:\/\/zeet.tn\/produit\/zeet-au-citron\/","url":"https:\/\/zeet.tn\/produit\/zeet-au-citron\/","name":"Zeet au Citron - zeet.tn","isPartOf":{"@id":"https:\/\/zeet.tn\/#website"},"primaryImageOfPage":{"@id":"https:\/\/zeet.tn\/produit\/zeet-au-citron\/#primaryimage"},"image":{"@id":"https:\/\/zeet.tn\/produit\/zeet-au-citron\/#primaryimage"},"thumbnailUrl":"https:\/\/zeet.tn\/wp-content\/uploads\/2026\/03\/Citronnn.jpg","datePublished":"2026-03-21T15:35:02+00:00","dateModified":"2026-04-01T10:53:22+00:00","breadcrumb":{"@id":"https:\/\/zeet.tn\/produit\/zeet-au-citron\/#breadcrumb"},"inLanguage":"en-GB","potentialAction":[{"@type":"ReadAction","target":["https:\/\/zeet.tn\/produit\/zeet-au-citron\/"]}]},{"@type":"ImageObject","inLanguage":"en-GB","@id":"https:\/\/zeet.tn\/produit\/zeet-au-citron\/#primaryimage","url":"https:\/\/zeet.tn\/wp-content\/uploads\/2026\/03\/Citronnn.jpg","contentUrl":"https:\/\/zeet.tn\/wp-content\/uploads\/2026\/03\/Citronnn.jpg","width":1080,"height":1350,"caption":"Zeet au citron"},{"@type":"BreadcrumbList","@id":"https:\/\/zeet.tn\/produit\/zeet-au-citron\/#breadcrumb","itemListElement":[{"@type":"ListItem","position":1,"name":"Accueil","item":"https:\/\/zeet.tn\/"},{"@type":"ListItem","position":2,"name":"Boutique Zeet","item":"https:\/\/zeet.tn\/boutique-zeet\/"},{"@type":"ListItem","position":3,"name":"Zeet au Citron"}]},{"@type":"WebSite","@id":"https:\/\/zeet.tn\/#website","url":"https:\/\/zeet.tn\/","name":"zeet.tn","description":"","publisher":{"@id":"https:\/\/zeet.tn\/#organization"},"potentialAction":[{"@type":"SearchAction","target":{"@type":"EntryPoint","urlTemplate":"https:\/\/zeet.tn\/?s={search_term_string}"},"query-input":{"@type":"PropertyValueSpecification","valueRequired":true,"valueName":"search_term_string"}}],"inLanguage":"en-GB"},{"@type":"Organization","@id":"https:\/\/zeet.tn\/#organization","name":"zeet.tn","url":"https:\/\/zeet.tn\/","logo":{"@type":"ImageObject","inLanguage":"en-GB","@id":"https:\/\/zeet.tn\/#\/schema\/logo\/image\/","url":"https:\/\/zeet.tn\/wp-content\/uploads\/2026\/03\/LOGO-ZEET-1-2.svg","contentUrl":"https:\/\/zeet.tn\/wp-content\/uploads\/2026\/03\/LOGO-ZEET-1-2.svg","width":149,"height":78,"caption":"zeet.tn"},"image":{"@id":"https:\/\/zeet.tn\/#\/schema\/logo\/image\/"},"sameAs":["https:\/\/www.facebook.com\/Zeet.tn","https:\/\/www.instagram.com\/zeet.tn\/"]}]}},"_links":{"self":[{"href":"https:\/\/zeet.tn\/en\/wp-json\/wp\/v2\/product\/27398","targetHints":{"allow":["GET"]}}],"collection":[{"href":"https:\/\/zeet.tn\/en\/wp-json\/wp\/v2\/product"}],"about":[{"href":"https:\/\/zeet.tn\/en\/wp-json\/wp\/v2\/types\/product"}],"replies":[{"embeddable":true,"href":"https:\/\/zeet.tn\/en\/wp-json\/wp\/v2\/comments?post=27398"}],"version-history":[{"count":40,"href":"https:\/\/zeet.tn\/en\/wp-json\/wp\/v2\/product\/27398\/revisions"}],"predecessor-version":[{"id":28462,"href":"https:\/\/zeet.tn\/en\/wp-json\/wp\/v2\/product\/27398\/revisions\/28462"}],"wp:featuredmedia":[{"embeddable":true,"href":"https:\/\/zeet.tn\/en\/wp-json\/wp\/v2\/media\/28130"}],"wp:attachment":[{"href":"https:\/\/zeet.tn\/en\/wp-json\/wp\/v2\/media?parent=27398"}],"wp:term":[{"taxonomy":"product_brand","embeddable":true,"href":"https:\/\/zeet.tn\/en\/wp-json\/wp\/v2\/product_brand?post=27398"},{"taxonomy":"product_cat","embeddable":true,"href":"https:\/\/zeet.tn\/en\/wp-json\/wp\/v2\/product_cat?post=27398"},{"taxonomy":"product_tag","embeddable":true,"href":"https:\/\/zeet.tn\/en\/wp-json\/wp\/v2\/product_tag?post=27398"}],"curies":[{"name":"wp","href":"https:\/\/api.w.org\/{rel}","templated":true}]}}