{"id":27347,"date":"2026-03-18T13:48:31","date_gmt":"2026-03-18T13:48:31","guid":{"rendered":"https:\/\/navajowhite-caribou-669909.hostingersite.com\/?post_type=product&#038;p=27347"},"modified":"2026-04-17T00:42:47","modified_gmt":"2026-04-17T00:42:47","slug":"zeet-au-piment","status":"publish","type":"product","link":"https:\/\/zeet.tn\/en\/product\/zeet-au-piment\/","title":{"rendered":"Zeet au Piment"},"content":{"rendered":"<div data-elementor-type=\"product-post\" data-elementor-id=\"27347\" class=\"elementor elementor-27347\" data-elementor-post-type=\"product\">\n\t\t\t\t<div class=\"elementor-element elementor-element-a86fcd2 e-con-full e-flex e-con e-parent\" data-id=\"a86fcd2\" data-element_type=\"container\" data-e-type=\"container\">\n\t\t<div class=\"elementor-element elementor-element-bfe39dc e-con-full e-flex e-con e-child\" data-id=\"bfe39dc\" data-element_type=\"container\" data-e-type=\"container\">\n\t\t\t\t<div class=\"elementor-element elementor-element-6726346 elementor-widget elementor-widget-wd_text_block\" data-id=\"6726346\" data-element_type=\"widget\" data-e-type=\"widget\" data-widget_type=\"wd_text_block.default\">\n\t\t\t\t<div class=\"elementor-widget-container\">\n\t\t\t\t\t\t\t<div class=\"wd-text-block reset-last-child text-center\">\n\t\t\t\n\t\t\t<p><img decoding=\"async\" class=\"alignnone wp-image-27124\" src=\"https:\/\/zeet.tn\/wp-content\/uploads\/2026\/03\/LOGO-ZEET-400x268.png\" alt=\"\" width=\"186\" height=\"125\" srcset=\"https:\/\/zeet.tn\/wp-content\/uploads\/2026\/03\/LOGO-ZEET-400x268.png 400w, https:\/\/zeet.tn\/wp-content\/uploads\/2026\/03\/LOGO-ZEET-scaled-430x289.png 430w, https:\/\/zeet.tn\/wp-content\/uploads\/2026\/03\/LOGO-ZEET-scaled-150x101.png 150w, https:\/\/zeet.tn\/wp-content\/uploads\/2026\/03\/LOGO-ZEET-scaled-700x470.png 700w, https:\/\/zeet.tn\/wp-content\/uploads\/2026\/03\/LOGO-ZEET-1192x800.png 1192w, https:\/\/zeet.tn\/wp-content\/uploads\/2026\/03\/LOGO-ZEET-768x515.png 768w, https:\/\/zeet.tn\/wp-content\/uploads\/2026\/03\/LOGO-ZEET-1536x1031.png 1536w, https:\/\/zeet.tn\/wp-content\/uploads\/2026\/03\/LOGO-ZEET-2048x1374.png 2048w\" sizes=\"(max-width: 186px) 100vw, 186px\" \/><\/p><p><img decoding=\"async\" class=\"alignnone wp-image-27722\" src=\"https:\/\/zeet.tn\/wp-content\/uploads\/2026\/03\/zeet_piment_olive_black_lines-removebg-preview-300x300.png\" alt=\"\" width=\"84\" height=\"84\" srcset=\"https:\/\/zeet.tn\/wp-content\/uploads\/2026\/03\/zeet_piment_olive_black_lines-removebg-preview-300x300.png 300w, https:\/\/zeet.tn\/wp-content\/uploads\/2026\/03\/zeet_piment_olive_black_lines-removebg-preview-150x150.png 150w, https:\/\/zeet.tn\/wp-content\/uploads\/2026\/03\/zeet_piment_olive_black_lines-removebg-preview-430x430.png 430w, https:\/\/zeet.tn\/wp-content\/uploads\/2026\/03\/zeet_piment_olive_black_lines-removebg-preview.png 500w\" sizes=\"(max-width: 84px) 100vw, 84px\" \/>D\u00e9couvrez l\u2019intensit\u00e9 de Zeet Mharher, une huile d\u2019olive issue d\u2019une <strong data-start=\"128\" data-end=\"157\">premi\u00e8re pression \u00e0 froid<\/strong>, alliant la richesse de l\u2019huile d\u2019olive \u00e0 l\u2019intensit\u00e9 du <strong>piment Baklouti<\/strong>. Cette combinaison r\u00e9v\u00e8le des ar\u00f4mes puissants, \u00e9pic\u00e9s et parfaitement \u00e9quilibr\u00e9s, pour apporter du caract\u00e8re \u00e0 toutes vos recettes. <strong>100 % tunisienne<\/strong> et en <strong data-start=\"390\" data-end=\"417\">format squeeze pratique<\/strong>, elle permet un dosage pr\u00e9cis et facile au quotidien.<\/p><p>Id\u00e9ale pour sublimer vos grillades, p\u00e2tes, pizzas, sandwichs et plats m\u00e9diterran\u00e9ens en un seul geste.<\/p>\n\t\t\t\t\t<\/div>\n\t\t\t\t\t\t<\/div>\n\t\t\t\t<\/div>\n\t\t\t\t<\/div>\n\t\t<div class=\"wd-sticky-container-lg elementor-element elementor-element-c9d7c82 e-con-full e-flex e-con e-child\" data-id=\"c9d7c82\" data-element_type=\"container\" data-e-type=\"container\" data-settings=\"{&quot;background_background&quot;:&quot;classic&quot;}\">\n\t\t\t\t<div class=\"elementor-element elementor-element-3c43583 elementor-widget-mobile__width-initial elementor-widget elementor-widget-wd_text_block\" data-id=\"3c43583\" data-element_type=\"widget\" data-e-type=\"widget\" data-widget_type=\"wd_text_block.default\">\n\t\t\t\t<div class=\"elementor-widget-container\">\n\t\t\t\t\t\t\t<div class=\"wd-text-block reset-last-child text-center\">\n\t\t\t\n\t\t\t<h5>PRESSEZ. ASSAISONNEZ. SAVOUREZ.<\/h5><p>Un format squeeze pens\u00e9 pour une utilisation rapide, propre et pr\u00e9cise. Avec Zeet, chaque\u00a0<br \/>geste devient simple et ma\u00eetris\u00e9.<\/p><p><strong>Contr\u00f4le total de la quantit\u00e9<\/strong><\/p><p><strong>Plus besoin de verser <\/strong><\/p><p><strong>Format pratique et ergonomique<\/strong><\/p><p><strong>Parfait pour toutes vos recettes<\/strong><\/p><p><strong>Une exp\u00e9rience moderne en cuisine<\/strong><\/p>\n\t\t\t\t\t<\/div>\n\t\t\t\t\t\t<\/div>\n\t\t\t\t<\/div>\n\t\t\t\t<\/div>\n\t\t\t\t<\/div>\n\t\t\t\t<\/div>","protected":false},"excerpt":{"rendered":"<p>Zeet au Piment est une huile d\u2019olive, press\u00e9e \u00e0 froid, d\u00e9licatement relev\u00e9e au piment pour apporter du caract\u00e8re et de l\u2019intensit\u00e9 \u00e0 vos plats. Quelques pressions suffisent pour transformer vos recettes avec une touche \u00e9pic\u00e9e, savoureuse et parfaitement \u00e9quilibr\u00e9e. Id\u00e9ale pour les amateurs de sensations fortes.<\/p>","protected":false},"featured_media":28129,"comment_status":"open","ping_status":"closed","template":"","meta":[],"product_brand":[],"product_cat":[76],"product_tag":[],"class_list":{"0":"post-27347","1":"product","2":"type-product","3":"status-publish","4":"has-post-thumbnail","6":"product_cat-piment","8":"first","9":"outofstock","10":"shipping-taxable","11":"purchasable","12":"product-type-simple"},"yoast_head":"<!-- This site is optimized with the Yoast SEO plugin v27.5 - https:\/\/yoast.com\/product\/yoast-seo-wordpress\/ -->\n<title>Zeet au Piment - zeet.tn<\/title>\n<meta name=\"robots\" content=\"index, follow, max-snippet:-1, max-image-preview:large, max-video-preview:-1\" \/>\n<link rel=\"canonical\" href=\"https:\/\/zeet.tn\/en\/product\/zeet-au-piment\/\" \/>\n<meta property=\"og:locale\" content=\"en_GB\" \/>\n<meta property=\"og:type\" content=\"article\" \/>\n<meta property=\"og:title\" content=\"Zeet au Piment - zeet.tn\" \/>\n<meta property=\"og:description\" content=\"Zeet au Piment est une huile d\u2019olive, press\u00e9e \u00e0 froid, d\u00e9licatement relev\u00e9e au piment pour apporter du caract\u00e8re et de l\u2019intensit\u00e9 \u00e0 vos plats. Quelques pressions suffisent pour transformer vos recettes avec une touche \u00e9pic\u00e9e, savoureuse et parfaitement \u00e9quilibr\u00e9e. Id\u00e9ale pour les amateurs de sensations fortes.\" \/>\n<meta property=\"og:url\" content=\"https:\/\/zeet.tn\/en\/product\/zeet-au-piment\/\" \/>\n<meta property=\"og:site_name\" content=\"zeet.tn\" \/>\n<meta property=\"article:publisher\" content=\"https:\/\/www.facebook.com\/Zeet.tn\" \/>\n<meta property=\"article:modified_time\" content=\"2026-04-17T00:42:47+00:00\" \/>\n<meta property=\"og:image\" content=\"https:\/\/zeet.tn\/wp-content\/uploads\/2026\/03\/\u0645\u062d\u0631\u062d\u0631.jpg\" \/>\n\t<meta property=\"og:image:width\" content=\"1080\" \/>\n\t<meta property=\"og:image:height\" content=\"1350\" \/>\n\t<meta property=\"og:image:type\" content=\"image\/jpeg\" \/>\n<meta name=\"twitter:card\" content=\"summary_large_image\" \/>\n<meta name=\"twitter:label1\" content=\"Estimated reading time\" \/>\n\t<meta name=\"twitter:data1\" content=\"1 minute\" \/>\n<script type=\"application\/ld+json\" class=\"yoast-schema-graph\">{\"@context\":\"https:\\\/\\\/schema.org\",\"@graph\":[{\"@type\":\"WebPage\",\"@id\":\"https:\\\/\\\/zeet.tn\\\/produit\\\/zeet-au-piment\\\/\",\"url\":\"https:\\\/\\\/zeet.tn\\\/produit\\\/zeet-au-piment\\\/\",\"name\":\"Zeet au Piment - zeet.tn\",\"isPartOf\":{\"@id\":\"https:\\\/\\\/zeet.tn\\\/#website\"},\"primaryImageOfPage\":{\"@id\":\"https:\\\/\\\/zeet.tn\\\/produit\\\/zeet-au-piment\\\/#primaryimage\"},\"image\":{\"@id\":\"https:\\\/\\\/zeet.tn\\\/produit\\\/zeet-au-piment\\\/#primaryimage\"},\"thumbnailUrl\":\"https:\\\/\\\/zeet.tn\\\/wp-content\\\/uploads\\\/2026\\\/03\\\/\u0645\u062d\u0631\u062d\u0631.jpg\",\"datePublished\":\"2026-03-18T13:48:31+00:00\",\"dateModified\":\"2026-04-17T00:42:47+00:00\",\"breadcrumb\":{\"@id\":\"https:\\\/\\\/zeet.tn\\\/produit\\\/zeet-au-piment\\\/#breadcrumb\"},\"inLanguage\":\"en-GB\",\"potentialAction\":[{\"@type\":\"ReadAction\",\"target\":[\"https:\\\/\\\/zeet.tn\\\/produit\\\/zeet-au-piment\\\/\"]}]},{\"@type\":\"ImageObject\",\"inLanguage\":\"en-GB\",\"@id\":\"https:\\\/\\\/zeet.tn\\\/produit\\\/zeet-au-piment\\\/#primaryimage\",\"url\":\"https:\\\/\\\/zeet.tn\\\/wp-content\\\/uploads\\\/2026\\\/03\\\/\u0645\u062d\u0631\u062d\u0631.jpg\",\"contentUrl\":\"https:\\\/\\\/zeet.tn\\\/wp-content\\\/uploads\\\/2026\\\/03\\\/\u0645\u062d\u0631\u062d\u0631.jpg\",\"width\":1080,\"height\":1350},{\"@type\":\"BreadcrumbList\",\"@id\":\"https:\\\/\\\/zeet.tn\\\/produit\\\/zeet-au-piment\\\/#breadcrumb\",\"itemListElement\":[{\"@type\":\"ListItem\",\"position\":1,\"name\":\"Accueil\",\"item\":\"https:\\\/\\\/zeet.tn\\\/\"},{\"@type\":\"ListItem\",\"position\":2,\"name\":\"Boutique Zeet\",\"item\":\"https:\\\/\\\/zeet.tn\\\/boutique-zeet\\\/\"},{\"@type\":\"ListItem\",\"position\":3,\"name\":\"Zeet au Piment\"}]},{\"@type\":\"WebSite\",\"@id\":\"https:\\\/\\\/zeet.tn\\\/#website\",\"url\":\"https:\\\/\\\/zeet.tn\\\/\",\"name\":\"zeet.tn\",\"description\":\"\",\"publisher\":{\"@id\":\"https:\\\/\\\/zeet.tn\\\/#organization\"},\"potentialAction\":[{\"@type\":\"SearchAction\",\"target\":{\"@type\":\"EntryPoint\",\"urlTemplate\":\"https:\\\/\\\/zeet.tn\\\/?s={search_term_string}\"},\"query-input\":{\"@type\":\"PropertyValueSpecification\",\"valueRequired\":true,\"valueName\":\"search_term_string\"}}],\"inLanguage\":\"en-GB\"},{\"@type\":\"Organization\",\"@id\":\"https:\\\/\\\/zeet.tn\\\/#organization\",\"name\":\"zeet.tn\",\"url\":\"https:\\\/\\\/zeet.tn\\\/\",\"logo\":{\"@type\":\"ImageObject\",\"inLanguage\":\"en-GB\",\"@id\":\"https:\\\/\\\/zeet.tn\\\/#\\\/schema\\\/logo\\\/image\\\/\",\"url\":\"https:\\\/\\\/zeet.tn\\\/wp-content\\\/uploads\\\/2026\\\/03\\\/LOGO-ZEET-1-2.svg\",\"contentUrl\":\"https:\\\/\\\/zeet.tn\\\/wp-content\\\/uploads\\\/2026\\\/03\\\/LOGO-ZEET-1-2.svg\",\"width\":149,\"height\":78,\"caption\":\"zeet.tn\"},\"image\":{\"@id\":\"https:\\\/\\\/zeet.tn\\\/#\\\/schema\\\/logo\\\/image\\\/\"},\"sameAs\":[\"https:\\\/\\\/www.facebook.com\\\/Zeet.tn\",\"https:\\\/\\\/www.instagram.com\\\/zeet.tn\\\/\"]}]}<\/script>\n<!-- \/ Yoast SEO plugin. -->","yoast_head_json":{"title":"Zeet au Piment - zeet.tn","robots":{"index":"index","follow":"follow","max-snippet":"max-snippet:-1","max-image-preview":"max-image-preview:large","max-video-preview":"max-video-preview:-1"},"canonical":"https:\/\/zeet.tn\/en\/product\/zeet-au-piment\/","og_locale":"en_GB","og_type":"article","og_title":"Zeet au Piment - zeet.tn","og_description":"Zeet au Piment est une huile d\u2019olive, press\u00e9e \u00e0 froid, d\u00e9licatement relev\u00e9e au piment pour apporter du caract\u00e8re et de l\u2019intensit\u00e9 \u00e0 vos plats. Quelques pressions suffisent pour transformer vos recettes avec une touche \u00e9pic\u00e9e, savoureuse et parfaitement \u00e9quilibr\u00e9e. Id\u00e9ale pour les amateurs de sensations fortes.","og_url":"https:\/\/zeet.tn\/en\/product\/zeet-au-piment\/","og_site_name":"zeet.tn","article_publisher":"https:\/\/www.facebook.com\/Zeet.tn","article_modified_time":"2026-04-17T00:42:47+00:00","og_image":[{"width":1080,"height":1350,"url":"https:\/\/zeet.tn\/wp-content\/uploads\/2026\/03\/\u0645\u062d\u0631\u062d\u0631.jpg","type":"image\/jpeg"}],"twitter_card":"summary_large_image","twitter_misc":{"Estimated reading time":"1 minute"},"schema":{"@context":"https:\/\/schema.org","@graph":[{"@type":"WebPage","@id":"https:\/\/zeet.tn\/produit\/zeet-au-piment\/","url":"https:\/\/zeet.tn\/produit\/zeet-au-piment\/","name":"Zeet au Piment - zeet.tn","isPartOf":{"@id":"https:\/\/zeet.tn\/#website"},"primaryImageOfPage":{"@id":"https:\/\/zeet.tn\/produit\/zeet-au-piment\/#primaryimage"},"image":{"@id":"https:\/\/zeet.tn\/produit\/zeet-au-piment\/#primaryimage"},"thumbnailUrl":"https:\/\/zeet.tn\/wp-content\/uploads\/2026\/03\/\u0645\u062d\u0631\u062d\u0631.jpg","datePublished":"2026-03-18T13:48:31+00:00","dateModified":"2026-04-17T00:42:47+00:00","breadcrumb":{"@id":"https:\/\/zeet.tn\/produit\/zeet-au-piment\/#breadcrumb"},"inLanguage":"en-GB","potentialAction":[{"@type":"ReadAction","target":["https:\/\/zeet.tn\/produit\/zeet-au-piment\/"]}]},{"@type":"ImageObject","inLanguage":"en-GB","@id":"https:\/\/zeet.tn\/produit\/zeet-au-piment\/#primaryimage","url":"https:\/\/zeet.tn\/wp-content\/uploads\/2026\/03\/\u0645\u062d\u0631\u062d\u0631.jpg","contentUrl":"https:\/\/zeet.tn\/wp-content\/uploads\/2026\/03\/\u0645\u062d\u0631\u062d\u0631.jpg","width":1080,"height":1350},{"@type":"BreadcrumbList","@id":"https:\/\/zeet.tn\/produit\/zeet-au-piment\/#breadcrumb","itemListElement":[{"@type":"ListItem","position":1,"name":"Accueil","item":"https:\/\/zeet.tn\/"},{"@type":"ListItem","position":2,"name":"Boutique Zeet","item":"https:\/\/zeet.tn\/boutique-zeet\/"},{"@type":"ListItem","position":3,"name":"Zeet au Piment"}]},{"@type":"WebSite","@id":"https:\/\/zeet.tn\/#website","url":"https:\/\/zeet.tn\/","name":"zeet.tn","description":"","publisher":{"@id":"https:\/\/zeet.tn\/#organization"},"potentialAction":[{"@type":"SearchAction","target":{"@type":"EntryPoint","urlTemplate":"https:\/\/zeet.tn\/?s={search_term_string}"},"query-input":{"@type":"PropertyValueSpecification","valueRequired":true,"valueName":"search_term_string"}}],"inLanguage":"en-GB"},{"@type":"Organization","@id":"https:\/\/zeet.tn\/#organization","name":"zeet.tn","url":"https:\/\/zeet.tn\/","logo":{"@type":"ImageObject","inLanguage":"en-GB","@id":"https:\/\/zeet.tn\/#\/schema\/logo\/image\/","url":"https:\/\/zeet.tn\/wp-content\/uploads\/2026\/03\/LOGO-ZEET-1-2.svg","contentUrl":"https:\/\/zeet.tn\/wp-content\/uploads\/2026\/03\/LOGO-ZEET-1-2.svg","width":149,"height":78,"caption":"zeet.tn"},"image":{"@id":"https:\/\/zeet.tn\/#\/schema\/logo\/image\/"},"sameAs":["https:\/\/www.facebook.com\/Zeet.tn","https:\/\/www.instagram.com\/zeet.tn\/"]}]}},"_links":{"self":[{"href":"https:\/\/zeet.tn\/en\/wp-json\/wp\/v2\/product\/27347","targetHints":{"allow":["GET"]}}],"collection":[{"href":"https:\/\/zeet.tn\/en\/wp-json\/wp\/v2\/product"}],"about":[{"href":"https:\/\/zeet.tn\/en\/wp-json\/wp\/v2\/types\/product"}],"replies":[{"embeddable":true,"href":"https:\/\/zeet.tn\/en\/wp-json\/wp\/v2\/comments?post=27347"}],"version-history":[{"count":39,"href":"https:\/\/zeet.tn\/en\/wp-json\/wp\/v2\/product\/27347\/revisions"}],"predecessor-version":[{"id":28458,"href":"https:\/\/zeet.tn\/en\/wp-json\/wp\/v2\/product\/27347\/revisions\/28458"}],"wp:featuredmedia":[{"embeddable":true,"href":"https:\/\/zeet.tn\/en\/wp-json\/wp\/v2\/media\/28129"}],"wp:attachment":[{"href":"https:\/\/zeet.tn\/en\/wp-json\/wp\/v2\/media?parent=27347"}],"wp:term":[{"taxonomy":"product_brand","embeddable":true,"href":"https:\/\/zeet.tn\/en\/wp-json\/wp\/v2\/product_brand?post=27347"},{"taxonomy":"product_cat","embeddable":true,"href":"https:\/\/zeet.tn\/en\/wp-json\/wp\/v2\/product_cat?post=27347"},{"taxonomy":"product_tag","embeddable":true,"href":"https:\/\/zeet.tn\/en\/wp-json\/wp\/v2\/product_tag?post=27347"}],"curies":[{"name":"wp","href":"https:\/\/api.w.org\/{rel}","templated":true}]}}